{"id":10,"date":"2016-04-27T21:01:26","date_gmt":"2016-04-27T21:01:26","guid":{"rendered":"http:\/\/rupertonroad.com\/?page_id=10"},"modified":"2018-04-16T20:21:25","modified_gmt":"2018-04-16T20:21:25","slug":"was-und-warum","status":"publish","type":"page","link":"https:\/\/rupertonroad.com\/","title":{"rendered":"Was und Warum?"},"content":{"rendered":"<div id=\"dslc-content\" class=\"dslc-content dslc-clearfix\"><div id=\"dslc-main\">\n\t\t<div  class=\"dslc-modules-section \" style=\"padding-bottom:0px;padding-top:0px;\" data-section-id=\"\">\n\t\t\t\t\n\t\t\t\t\n\t\t\t\t<div class=\"dslc-modules-section-wrapper dslc-clearfix\"> <div class=\"dslc-modules-area dslc-col dslc-12-col dslc-last-col\" data-size=\"12\" data-valign=\"\">\n\t\t<div id=\"dslc-module-11\" class=\"dslc-module-front dslc-module-DSLC_Html dslc-in-viewport-check dslc-in-viewport-anim-none  dslc-col dslc-12-col  dslc-module-handle-like-regular \" data-module-id=\"11\" data-module=\"DSLC_Html\" data-dslc-module-size=\"12\" data-dslc-anim=\"none\" data-dslc-anim-delay=\"0\" data-dslc-anim-duration=\"650\"  data-dslc-anim-easing=\"ease\" data-dslc-preset=\"none\" >\n\n\t\t\t\n\t\t\t\n\t\t<div class=\"dslc-html-module-content\"><span class=\"su-frame su-frame-align-left su-frame-style-default\"><span class=\"su-frame-inner\"><img data-recalc-dims=\"1\" src=\"https:\/\/i0.wp.com\/rupertonroad.com\/wp-content\/uploads\/2016\/05\/Rupert.jpg?w=840\" \/><\/span><\/span>Ich fahre f\u00fcr mein leben gerne Rad. Die Idee dieses Blogs ist aber eine andere, um euch teilhaben zu lassen. Hauptanlass ist meine bevorstehende gr\u00f6\u00dfte Radreise. Von San Francisco nach New York, einmal quer durch die USA.<\/div>\n\t\t\t\t<\/div><!-- .dslc-module -->\n\t\t<\/div> <div class=\"dslc-modules-area dslc-col dslc-12-col dslc-last-col\" data-size=\"12\" data-valign=\"\">\n\t\t<div id=\"dslc-module-9\" class=\"dslc-module-front dslc-module-DSLC_Posts dslc-in-viewport-check dslc-in-viewport-anim-none  dslc-col dslc-12-col dslc-hide-on-tablet dslc-hide-on-phone  dslc-module-handle-like-regular \" data-module-id=\"9\" data-module=\"DSLC_Posts\" data-dslc-module-size=\"12\" data-dslc-anim=\"none\" data-dslc-anim-delay=\"0\" data-dslc-anim-duration=\"650\"  data-dslc-anim-easing=\"ease\" data-dslc-preset=\"none\" >\n\n\t\t\t\n\t\t\t\n\t\t\t\t<div class=\"dslc-posts dslc-cpt-posts dslc-clearfix dslc-cpt-posts-type-grid dslc-posts-orientation-horizontal dslc-init-grid \">\r\n\r\n\t\t\t\r\n\t\t\t<div class=\"dslc-posts-inner\">\r\n\t\t\t\t\t<div class=\"dslc-post dslc-cpt-post dslc-col dslc-12-col  dslc-last-col\" data-cats=\"\">\r\n\t\t\t\t\t\t\t\t\t\t\t\t\t\t\t\t\t\t\t\t\r\n\t\t\t\t\t\t\t\t<div class=\"dslc-post-thumb dslc-cpt-post-thumb dslc-on-hover-anim\">\r\n\r\n\t\t\t\t\t\t\t\t\t<div class=\"dslc-cpt-post-thumb-inner dslca-post-thumb\">\r\n\t\t\t\t\t\t\t\t\t\t\r\n\t\t\t\t\t\t\t\t\t\t\t\t\t\t\t\t\t\t\t\t\t<a href=\"https:\/\/rupertonroad.com\/?p=5382\" class=\"\"><img width=\"2000\" height=\"1500\" src=\"https:\/\/i0.wp.com\/rupertonroad.com\/wp-content\/uploads\/2026\/03\/img_2239.jpg?fit=2000%2C1500&amp;ssl=1\" class=\"attachment-full size-full wp-post-image\" alt=\"\" title=\"img_2239.jpg\" srcset=\"https:\/\/i0.wp.com\/rupertonroad.com\/wp-content\/uploads\/2026\/03\/img_2239.jpg?w=2000&amp;ssl=1 2000w, https:\/\/i0.wp.com\/rupertonroad.com\/wp-content\/uploads\/2026\/03\/img_2239.jpg?resize=300%2C225&amp;ssl=1 300w, https:\/\/i0.wp.com\/rupertonroad.com\/wp-content\/uploads\/2026\/03\/img_2239.jpg?resize=1024%2C768&amp;ssl=1 1024w, https:\/\/i0.wp.com\/rupertonroad.com\/wp-content\/uploads\/2026\/03\/img_2239.jpg?resize=768%2C576&amp;ssl=1 768w, https:\/\/i0.wp.com\/rupertonroad.com\/wp-content\/uploads\/2026\/03\/img_2239.jpg?resize=1536%2C1152&amp;ssl=1 1536w, https:\/\/i0.wp.com\/rupertonroad.com\/wp-content\/uploads\/2026\/03\/img_2239.jpg?resize=1200%2C900&amp;ssl=1 1200w, https:\/\/i0.wp.com\/rupertonroad.com\/wp-content\/uploads\/2026\/03\/img_2239.jpg?w=1680&amp;ssl=1 1680w\" sizes=\"(max-width: 709px) 85vw, (max-width: 909px) 67vw, (max-width: 1362px) 62vw, 840px\" data-attachment-id=\"5378\" data-permalink=\"https:\/\/rupertonroad.com\/?attachment_id=5378\" data-orig-file=\"https:\/\/i0.wp.com\/rupertonroad.com\/wp-content\/uploads\/2026\/03\/img_2239.jpg?fit=2000%2C1500&amp;ssl=1\" data-orig-size=\"2000,1500\" data-comments-opened=\"1\" data-image-meta=\"{&quot;aperture&quot;:&quot;1.8&quot;,&quot;credit&quot;:&quot;&quot;,&quot;camera&quot;:&quot;iPhone 11 Pro&quot;,&quot;caption&quot;:&quot;&quot;,&quot;created_timestamp&quot;:&quot;1772799448&quot;,&quot;copyright&quot;:&quot;&quot;,&quot;focal_length&quot;:&quot;4.25&quot;,&quot;iso&quot;:&quot;32&quot;,&quot;shutter_speed&quot;:&quot;0.00045004500450045&quot;,&quot;title&quot;:&quot;&quot;,&quot;orientation&quot;:&quot;1&quot;}\" data-image-title=\"img_2239.jpg\" data-image-description=\"\" data-image-caption=\"\" data-medium-file=\"https:\/\/i0.wp.com\/rupertonroad.com\/wp-content\/uploads\/2026\/03\/img_2239.jpg?fit=300%2C225&amp;ssl=1\" data-large-file=\"https:\/\/i0.wp.com\/rupertonroad.com\/wp-content\/uploads\/2026\/03\/img_2239.jpg?fit=840%2C630&amp;ssl=1\" \/><\/a>\r\n\t\t\t\t\t\t\t\t\t\t\t\t\t\t\t\t\t\t\t<\/div><!-- .dslc-cpt-post-thumb-inner -->\r\n\r\n\t\t\t\t\t\t\t\t\t\r\n\t\t\t\t\t\t\t\t<\/div><!-- .dslc-cpt-post-thumb -->\r\n\r\n\t\t\t\t\t\t\t\t\t\t\t\t\t\r\n\t\t\t\t\t\t\r\n\t\t\t\t\t\t\t<div class=\"dslc-post-main dslc-cpt-post-main\">\r\n\r\n\t\t\t\t\t\t\t\t\r\n\t\t\t\t\t\t\t\t\t<div class=\"dslc-cpt-post-title\">\r\n\t\t\t\t\t\t\t\t\t\t<h2><a href=\"https:\/\/rupertonroad.com\/?p=5382\">Windiges Finale<\/a><\/h2>\r\n\t\t\t\t\t\t\t\t\t<\/div><!-- .dslc-cpt-post-title -->\r\n\r\n\t\t\t\t\t\t\t\t\r\n\t\t\t\t\t\t\t\t\r\n\t\t\t\t\t\t\t\t\t\r\n\t\t\t\t\t\t\t\t\t<div class=\"dslc-cpt-post-meta\">\r\n\r\n\t\t\t\t\t\t\t\t\t\t\t\t\t\t\t\t\t\t\t\t\t<div class=\"dslc-cpt-post-meta-author\">\r\n\t\t\t\t\t\t\t\t\t\t\t\tBy <a href=\"https:\/\/rupertonroad.com\/?author=1\" title=\"Beitr\u00e4ge von Rupert\" rel=\"author\">Rupert<\/a>\t\t\t\t\t\t\t\t\t\t\t<\/div><!-- .dslc-cpt-post-meta-author -->\r\n\t\t\t\t\t\t\t\t\t\t\r\n\t\t\t\t\t\t\t\t\t\t\t\t\t\t\t\t\t\t\t\t\t<div class=\"dslc-cpt-post-meta-date\">\r\n\t\t\t\t\t\t\t\t\t\t\t\t6. M\u00e4rz 2026\t\t\t\t\t\t\t\t\t\t\t<\/div><!-- .dslc-cpt-post-meta-date -->\r\n\t\t\t\t\t\t\t\t\t\t\r\n\t\t\t\t\t\t\t\t\t<\/div><!-- .dslc-cpt-post-meta -->\r\n\r\n\t\t\t\t\t\t\t\t\r\n\t\t\t\t\t\t\t\t\t\t\t\t\t\t\t\t\t<div class=\"dslc-cpt-post-excerpt\">\r\n\t\t\t\t\t\t\t\t\t\t\t\t\t\t\t\t\t\t\t\t\tZum Abschluss dreht der Wind nochmal richtig auf. Eine kalte steife Briese kommt aus Nord\/Nordwest was uns am Anfang ordentlich&hellip;\t\t\t\t\t\t\t\t\t\t\t\t\t\t\t\t\t\t\t<\/div><!-- .dslc-cpt-post-excerpt -->\r\n\r\n\t\t\t\t\t\t\t\t\r\n\t\t\t\t\t\t\t\t\r\n\t\t\t\t\t\t\t\t\t<div class=\"dslc-cpt-post-read-more\">\r\n\t\t\t\t\t\t\t\t\t\t<a href=\"https:\/\/rupertonroad.com\/?p=5382\">\r\n\t\t\t\t\t\t\t\t\t\t\t\t\t\t\t\t\t\t\t\t\t\t\t<span class=\"dslc-icon dslc-icon-\"><\/span>\r\n\t\t\t\t\t\t\t\t\t\t\t\t\t\t\t\t\t\t\t\t\t\tWeiterlesen\t\t\t\t\t\t\t\t\t\t<\/a>\r\n\t\t\t\t\t\t\t\t\t<\/div><!-- .dslc-cpt-post-read-more -->\r\n\r\n\t\t\t\t\t\t\t\t\r\n\t\t\t\t\t\t\t<\/div><!-- .dslc-cpt-post-main -->\r\n\r\n\t\t\t\t\t\t\r\n\t\t\t\t\t<\/div><!-- .dslc-cpt-post --><div class=\"dslc-post-separator\"><\/div>\r\n\t\t\t\t\t<div class=\"dslc-post dslc-cpt-post dslc-col dslc-12-col  dslc-last-col\" data-cats=\"\">\r\n\t\t\t\t\t\t\t\t\t\t\t\t\t\t\t\t\t\t\t\t\r\n\t\t\t\t\t\t\t\t<div class=\"dslc-post-thumb dslc-cpt-post-thumb dslc-on-hover-anim\">\r\n\r\n\t\t\t\t\t\t\t\t\t<div class=\"dslc-cpt-post-thumb-inner dslca-post-thumb\">\r\n\t\t\t\t\t\t\t\t\t\t\r\n\t\t\t\t\t\t\t\t\t\t\t\t\t\t\t\t\t\t\t\t\t<a href=\"https:\/\/rupertonroad.com\/?p=5366\" class=\"\"><img width=\"2000\" height=\"1500\" src=\"https:\/\/i0.wp.com\/rupertonroad.com\/wp-content\/uploads\/2026\/03\/img_2175.jpg?fit=2000%2C1500&amp;ssl=1\" class=\"attachment-full size-full wp-post-image\" alt=\"\" title=\"img_2175.jpg\" srcset=\"https:\/\/i0.wp.com\/rupertonroad.com\/wp-content\/uploads\/2026\/03\/img_2175.jpg?w=2000&amp;ssl=1 2000w, https:\/\/i0.wp.com\/rupertonroad.com\/wp-content\/uploads\/2026\/03\/img_2175.jpg?resize=300%2C225&amp;ssl=1 300w, https:\/\/i0.wp.com\/rupertonroad.com\/wp-content\/uploads\/2026\/03\/img_2175.jpg?resize=1024%2C768&amp;ssl=1 1024w, https:\/\/i0.wp.com\/rupertonroad.com\/wp-content\/uploads\/2026\/03\/img_2175.jpg?resize=768%2C576&amp;ssl=1 768w, https:\/\/i0.wp.com\/rupertonroad.com\/wp-content\/uploads\/2026\/03\/img_2175.jpg?resize=1536%2C1152&amp;ssl=1 1536w, https:\/\/i0.wp.com\/rupertonroad.com\/wp-content\/uploads\/2026\/03\/img_2175.jpg?resize=1200%2C900&amp;ssl=1 1200w, https:\/\/i0.wp.com\/rupertonroad.com\/wp-content\/uploads\/2026\/03\/img_2175.jpg?w=1680&amp;ssl=1 1680w\" sizes=\"(max-width: 709px) 85vw, (max-width: 909px) 67vw, (max-width: 1362px) 62vw, 840px\" data-attachment-id=\"5360\" data-permalink=\"https:\/\/rupertonroad.com\/?attachment_id=5360\" data-orig-file=\"https:\/\/i0.wp.com\/rupertonroad.com\/wp-content\/uploads\/2026\/03\/img_2175.jpg?fit=2000%2C1500&amp;ssl=1\" data-orig-size=\"2000,1500\" data-comments-opened=\"1\" data-image-meta=\"{&quot;aperture&quot;:&quot;1.8&quot;,&quot;credit&quot;:&quot;&quot;,&quot;camera&quot;:&quot;iPhone 11 Pro&quot;,&quot;caption&quot;:&quot;&quot;,&quot;created_timestamp&quot;:&quot;1772708334&quot;,&quot;copyright&quot;:&quot;&quot;,&quot;focal_length&quot;:&quot;4.25&quot;,&quot;iso&quot;:&quot;32&quot;,&quot;shutter_speed&quot;:&quot;0.00089766606822262&quot;,&quot;title&quot;:&quot;&quot;,&quot;orientation&quot;:&quot;1&quot;}\" data-image-title=\"img_2175.jpg\" data-image-description=\"\" data-image-caption=\"\" data-medium-file=\"https:\/\/i0.wp.com\/rupertonroad.com\/wp-content\/uploads\/2026\/03\/img_2175.jpg?fit=300%2C225&amp;ssl=1\" data-large-file=\"https:\/\/i0.wp.com\/rupertonroad.com\/wp-content\/uploads\/2026\/03\/img_2175.jpg?fit=840%2C630&amp;ssl=1\" \/><\/a>\r\n\t\t\t\t\t\t\t\t\t\t\t\t\t\t\t\t\t\t\t<\/div><!-- .dslc-cpt-post-thumb-inner -->\r\n\r\n\t\t\t\t\t\t\t\t\t\r\n\t\t\t\t\t\t\t\t<\/div><!-- .dslc-cpt-post-thumb -->\r\n\r\n\t\t\t\t\t\t\t\t\t\t\t\t\t\r\n\t\t\t\t\t\t\r\n\t\t\t\t\t\t\t<div class=\"dslc-post-main dslc-cpt-post-main\">\r\n\r\n\t\t\t\t\t\t\t\t\r\n\t\t\t\t\t\t\t\t\t<div class=\"dslc-cpt-post-title\">\r\n\t\t\t\t\t\t\t\t\t\t<h2><a href=\"https:\/\/rupertonroad.com\/?p=5366\">Nochmal Algarve-Rundfahrt Feeling<\/a><\/h2>\r\n\t\t\t\t\t\t\t\t\t<\/div><!-- .dslc-cpt-post-title -->\r\n\r\n\t\t\t\t\t\t\t\t\r\n\t\t\t\t\t\t\t\t\r\n\t\t\t\t\t\t\t\t\t\r\n\t\t\t\t\t\t\t\t\t<div class=\"dslc-cpt-post-meta\">\r\n\r\n\t\t\t\t\t\t\t\t\t\t\t\t\t\t\t\t\t\t\t\t\t<div class=\"dslc-cpt-post-meta-author\">\r\n\t\t\t\t\t\t\t\t\t\t\t\tBy <a href=\"https:\/\/rupertonroad.com\/?author=1\" title=\"Beitr\u00e4ge von Rupert\" rel=\"author\">Rupert<\/a>\t\t\t\t\t\t\t\t\t\t\t<\/div><!-- .dslc-cpt-post-meta-author -->\r\n\t\t\t\t\t\t\t\t\t\t\r\n\t\t\t\t\t\t\t\t\t\t\t\t\t\t\t\t\t\t\t\t\t<div class=\"dslc-cpt-post-meta-date\">\r\n\t\t\t\t\t\t\t\t\t\t\t\t5. M\u00e4rz 2026\t\t\t\t\t\t\t\t\t\t\t<\/div><!-- .dslc-cpt-post-meta-date -->\r\n\t\t\t\t\t\t\t\t\t\t\r\n\t\t\t\t\t\t\t\t\t<\/div><!-- .dslc-cpt-post-meta -->\r\n\r\n\t\t\t\t\t\t\t\t\r\n\t\t\t\t\t\t\t\t\t\t\t\t\t\t\t\t\t<div class=\"dslc-cpt-post-excerpt\">\r\n\t\t\t\t\t\t\t\t\t\t\t\t\t\t\t\t\t\t\t\t\tBisher hatten wir Runden nach Westen und Norden. Im S\u00fcden ist das Meer. Somit bleibt noch eine Richtung. Beim Prolog&hellip;\t\t\t\t\t\t\t\t\t\t\t\t\t\t\t\t\t\t\t<\/div><!-- .dslc-cpt-post-excerpt -->\r\n\r\n\t\t\t\t\t\t\t\t\r\n\t\t\t\t\t\t\t\t\r\n\t\t\t\t\t\t\t\t\t<div class=\"dslc-cpt-post-read-more\">\r\n\t\t\t\t\t\t\t\t\t\t<a href=\"https:\/\/rupertonroad.com\/?p=5366\">\r\n\t\t\t\t\t\t\t\t\t\t\t\t\t\t\t\t\t\t\t\t\t\t\t<span class=\"dslc-icon dslc-icon-\"><\/span>\r\n\t\t\t\t\t\t\t\t\t\t\t\t\t\t\t\t\t\t\t\t\t\tWeiterlesen\t\t\t\t\t\t\t\t\t\t<\/a>\r\n\t\t\t\t\t\t\t\t\t<\/div><!-- .dslc-cpt-post-read-more -->\r\n\r\n\t\t\t\t\t\t\t\t\r\n\t\t\t\t\t\t\t<\/div><!-- .dslc-cpt-post-main -->\r\n\r\n\t\t\t\t\t\t\r\n\t\t\t\t\t<\/div><!-- .dslc-cpt-post --><div class=\"dslc-post-separator\"><\/div>\r\n\t\t\t\t\t<div class=\"dslc-post dslc-cpt-post dslc-col dslc-12-col  dslc-last-col dslc-post-no-thumb\" data-cats=\"\">\r\n\t\t\t\t\t\t\t\t\t\t\t\t\t\t\t\t\t\t\t\t\t\t\t\t\t\t\r\n\t\t\t\t\t\t\r\n\t\t\t\t\t\t\t<div class=\"dslc-post-main dslc-cpt-post-main\">\r\n\r\n\t\t\t\t\t\t\t\t\r\n\t\t\t\t\t\t\t\t\t<div class=\"dslc-cpt-post-title\">\r\n\t\t\t\t\t\t\t\t\t\t<h2><a href=\"https:\/\/rupertonroad.com\/?p=5356\">Ans Ende der Welt<\/a><\/h2>\r\n\t\t\t\t\t\t\t\t\t<\/div><!-- .dslc-cpt-post-title -->\r\n\r\n\t\t\t\t\t\t\t\t\r\n\t\t\t\t\t\t\t\t\r\n\t\t\t\t\t\t\t\t\t\r\n\t\t\t\t\t\t\t\t\t<div class=\"dslc-cpt-post-meta\">\r\n\r\n\t\t\t\t\t\t\t\t\t\t\t\t\t\t\t\t\t\t\t\t\t<div class=\"dslc-cpt-post-meta-author\">\r\n\t\t\t\t\t\t\t\t\t\t\t\tBy <a href=\"https:\/\/rupertonroad.com\/?author=1\" title=\"Beitr\u00e4ge von Rupert\" rel=\"author\">Rupert<\/a>\t\t\t\t\t\t\t\t\t\t\t<\/div><!-- .dslc-cpt-post-meta-author -->\r\n\t\t\t\t\t\t\t\t\t\t\r\n\t\t\t\t\t\t\t\t\t\t\t\t\t\t\t\t\t\t\t\t\t<div class=\"dslc-cpt-post-meta-date\">\r\n\t\t\t\t\t\t\t\t\t\t\t\t4. M\u00e4rz 2026\t\t\t\t\t\t\t\t\t\t\t<\/div><!-- .dslc-cpt-post-meta-date -->\r\n\t\t\t\t\t\t\t\t\t\t\r\n\t\t\t\t\t\t\t\t\t<\/div><!-- .dslc-cpt-post-meta -->\r\n\r\n\t\t\t\t\t\t\t\t\r\n\t\t\t\t\t\t\t\t\t\t\t\t\t\t\t\t\t<div class=\"dslc-cpt-post-excerpt\">\r\n\t\t\t\t\t\t\t\t\t\t\t\t\t\t\t\t\t\t\t\t\tF\u00fcr heute ist der Windstillste Tag der Woche angesagt. Deshalb nehmen wir die Etappe welche mit Wind deutlich h\u00e4rter werden&hellip;\t\t\t\t\t\t\t\t\t\t\t\t\t\t\t\t\t\t\t<\/div><!-- .dslc-cpt-post-excerpt -->\r\n\r\n\t\t\t\t\t\t\t\t\r\n\t\t\t\t\t\t\t\t\r\n\t\t\t\t\t\t\t\t\t<div class=\"dslc-cpt-post-read-more\">\r\n\t\t\t\t\t\t\t\t\t\t<a href=\"https:\/\/rupertonroad.com\/?p=5356\">\r\n\t\t\t\t\t\t\t\t\t\t\t\t\t\t\t\t\t\t\t\t\t\t\t<span class=\"dslc-icon dslc-icon-\"><\/span>\r\n\t\t\t\t\t\t\t\t\t\t\t\t\t\t\t\t\t\t\t\t\t\tWeiterlesen\t\t\t\t\t\t\t\t\t\t<\/a>\r\n\t\t\t\t\t\t\t\t\t<\/div><!-- .dslc-cpt-post-read-more -->\r\n\r\n\t\t\t\t\t\t\t\t\r\n\t\t\t\t\t\t\t<\/div><!-- .dslc-cpt-post-main -->\r\n\r\n\t\t\t\t\t\t\r\n\t\t\t\t\t<\/div><!-- .dslc-cpt-post --><div class=\"dslc-post-separator\"><\/div>\r\n\t\t\t\t\t<div class=\"dslc-post dslc-cpt-post dslc-col dslc-12-col  dslc-last-col dslc-post-no-thumb\" data-cats=\"\">\r\n\t\t\t\t\t\t\t\t\t\t\t\t\t\t\t\t\t\t\t\t\t\t\t\t\t\t\r\n\t\t\t\t\t\t\r\n\t\t\t\t\t\t\t<div class=\"dslc-post-main dslc-cpt-post-main\">\r\n\r\n\t\t\t\t\t\t\t\t\r\n\t\t\t\t\t\t\t\t\t<div class=\"dslc-cpt-post-title\">\r\n\t\t\t\t\t\t\t\t\t\t<h2><a href=\"https:\/\/rupertonroad.com\/?p=5338\">Ruhetag\u2026nicht wirklich<\/a><\/h2>\r\n\t\t\t\t\t\t\t\t\t<\/div><!-- .dslc-cpt-post-title -->\r\n\r\n\t\t\t\t\t\t\t\t\r\n\t\t\t\t\t\t\t\t\r\n\t\t\t\t\t\t\t\t\t\r\n\t\t\t\t\t\t\t\t\t<div class=\"dslc-cpt-post-meta\">\r\n\r\n\t\t\t\t\t\t\t\t\t\t\t\t\t\t\t\t\t\t\t\t\t<div class=\"dslc-cpt-post-meta-author\">\r\n\t\t\t\t\t\t\t\t\t\t\t\tBy <a href=\"https:\/\/rupertonroad.com\/?author=1\" title=\"Beitr\u00e4ge von Rupert\" rel=\"author\">Rupert<\/a>\t\t\t\t\t\t\t\t\t\t\t<\/div><!-- .dslc-cpt-post-meta-author -->\r\n\t\t\t\t\t\t\t\t\t\t\r\n\t\t\t\t\t\t\t\t\t\t\t\t\t\t\t\t\t\t\t\t\t<div class=\"dslc-cpt-post-meta-date\">\r\n\t\t\t\t\t\t\t\t\t\t\t\t3. M\u00e4rz 2026\t\t\t\t\t\t\t\t\t\t\t<\/div><!-- .dslc-cpt-post-meta-date -->\r\n\t\t\t\t\t\t\t\t\t\t\r\n\t\t\t\t\t\t\t\t\t<\/div><!-- .dslc-cpt-post-meta -->\r\n\r\n\t\t\t\t\t\t\t\t\r\n\t\t\t\t\t\t\t\t\t\t\t\t\t\t\t\t\t<div class=\"dslc-cpt-post-excerpt\">\r\n\t\t\t\t\t\t\t\t\t\t\t\t\t\t\t\t\t\t\t\t\tNachdem wir der Prognose des Wetterberichts geglaubt haben, wurde die Runde f\u00fcr den \u201aRuhetag\u2018 um einen Tag vorgezogen und die&hellip;\t\t\t\t\t\t\t\t\t\t\t\t\t\t\t\t\t\t\t<\/div><!-- .dslc-cpt-post-excerpt -->\r\n\r\n\t\t\t\t\t\t\t\t\r\n\t\t\t\t\t\t\t\t\r\n\t\t\t\t\t\t\t\t\t<div class=\"dslc-cpt-post-read-more\">\r\n\t\t\t\t\t\t\t\t\t\t<a href=\"https:\/\/rupertonroad.com\/?p=5338\">\r\n\t\t\t\t\t\t\t\t\t\t\t\t\t\t\t\t\t\t\t\t\t\t\t<span class=\"dslc-icon dslc-icon-\"><\/span>\r\n\t\t\t\t\t\t\t\t\t\t\t\t\t\t\t\t\t\t\t\t\t\tWeiterlesen\t\t\t\t\t\t\t\t\t\t<\/a>\r\n\t\t\t\t\t\t\t\t\t<\/div><!-- .dslc-cpt-post-read-more -->\r\n\r\n\t\t\t\t\t\t\t\t\r\n\t\t\t\t\t\t\t<\/div><!-- .dslc-cpt-post-main -->\r\n\r\n\t\t\t\t\t\t\r\n\t\t\t\t\t<\/div><!-- .dslc-cpt-post -->\t\t\t<\/div><!--.dslc-posts-inner -->\r\n\r\n\t\t\t\r\n\t\t<\/div><!-- .dslc-cpt-posts -->\n\t\t\t\t<\/div><!-- .dslc-module -->\n\t\t<\/div> <\/div><\/div> \n\t\t<div  class=\"dslc-modules-section \" style=\"\" data-section-id=\"\">\n\t\t\t\t\n\t\t\t\t\n\t\t\t\t<div class=\"dslc-modules-section-wrapper dslc-clearfix\"> <\/div><\/div> <\/div><\/div>","protected":false},"excerpt":{"rendered":"<p>Ich fahre f\u00fcr mein Leben gerne Rad. Diesen Blog habe ich anl\u00e4sslich meiner bisher gr\u00f6\u00dften Radreise, von San Francisco nach New York- einmal quer durch die USA, gestartet. Da ich durchweg positive Resonanz erhalten habe, blogge ich sehr gerne weiterhin von meinen Touren.<\/p>\n","protected":false},"author":1,"featured_media":0,"parent":0,"menu_order":1,"comment_status":"closed","ping_status":"closed","template":"","meta":{"jetpack_post_was_ever_published":false,"footnotes":""},"class_list":["post-10","page","type-page","status-publish","hentry"],"jetpack_sharing_enabled":true,"jetpack_shortlink":"https:\/\/wp.me\/P7xvzy-a","jetpack-related-posts":[],"_links":{"self":[{"href":"https:\/\/rupertonroad.com\/index.php?rest_route=\/wp\/v2\/pages\/10","targetHints":{"allow":["GET"]}}],"collection":[{"href":"https:\/\/rupertonroad.com\/index.php?rest_route=\/wp\/v2\/pages"}],"about":[{"href":"https:\/\/rupertonroad.com\/index.php?rest_route=\/wp\/v2\/types\/page"}],"author":[{"embeddable":true,"href":"https:\/\/rupertonroad.com\/index.php?rest_route=\/wp\/v2\/users\/1"}],"replies":[{"embeddable":true,"href":"https:\/\/rupertonroad.com\/index.php?rest_route=%2Fwp%2Fv2%2Fcomments&post=10"}],"version-history":[{"count":7,"href":"https:\/\/rupertonroad.com\/index.php?rest_route=\/wp\/v2\/pages\/10\/revisions"}],"predecessor-version":[{"id":1834,"href":"https:\/\/rupertonroad.com\/index.php?rest_route=\/wp\/v2\/pages\/10\/revisions\/1834"}],"wp:attachment":[{"href":"https:\/\/rupertonroad.com\/index.php?rest_route=%2Fwp%2Fv2%2Fmedia&parent=10"}],"curies":[{"name":"wp","href":"https:\/\/api.w.org\/{rel}","templated":true}]}}